{"id":2,"date":"2020-06-14T07:12:47","date_gmt":"2020-06-14T07:12:47","guid":{"rendered":"https:\/\/versoixfootballcamp.ch\/?page_id=2"},"modified":"2026-02-10T21:09:18","modified_gmt":"2026-02-10T21:09:18","slug":"sample-page","status":"publish","type":"page","link":"https:\/\/versoixfootballcamp.ch\/","title":{"rendered":"Camps de Football du FC Versoix"},"content":{"rendered":"<h1 style=\"text-align: center;\">Camps de perfectionnement de football et de loisirs du FC Versoix anim\u00e9 par les cadres sportifs du club.<br \/>\nRejoignez-nous nombreux pour les camps qui se d\u00e9rouleront durant les vacances de P\u00e2ques et d&rsquo;\u00e9t\u00e9.<\/h1>\n<h4><div class=\"shortcode-content-block content-blocks-widget-wrap topborder-none\"><div class=\"content-blocks-widget-box bottomborder-none\"><div class=\"content-blocks-widget content-blocks-widget-style1\"><div class=\"flush-columns\"><div class=\"content-block-column hcolumn-1-3 content-block-1 content-block-style1\"><div class=\"content-block \"><div class=\"content-block-visual content-block-icon icon-style-none\"><i class=\"fa-home fas\"><\/i><\/div><div class=\"content-block-content  content-block-content-hasicon\"><div class=\"content-block-text\"><p>Centre sportif de la B\u00e9cassi\u00e8re<\/p>\n<\/div><\/div><\/div><\/div><div class=\"content-block-column hcolumn-1-3 content-block-2 content-block-style1\"><div class=\"content-block \"><div class=\"content-block-visual content-block-icon icon-style-none\"><i class=\"fa-birthday-cake fas\"><\/i><\/div><div class=\"content-block-content  content-block-content-hasicon\"><div class=\"content-block-text\"><p>de 6 \u00e0 13 ans<\/p>\n<\/div><\/div><\/div><\/div><div class=\"content-block-column hcolumn-1-3 content-block-3 content-block-style1\"><div class=\"content-block \"><div class=\"content-block-visual content-block-icon icon-style-none\"><i class=\"fa-transgender fas\"><\/i><\/div><div class=\"content-block-content  content-block-content-hasicon\"><div class=\"content-block-text\"><p>Pour filles et gar\u00e7ons<\/p>\n<\/div><\/div><\/div><\/div><div class=\"clearfix\"><\/div><\/div><div class=\"clearfix\"><\/div><\/div><\/div><\/div><\/h4>\n","protected":false},"excerpt":{"rendered":"<p>Camps de perfectionnement de football et de loisirs du FC Versoix anim\u00e9 par les cadres sportifs du club. Rejoignez-nous nombreux pour les camps qui se d\u00e9rouleront durant les vacances de P\u00e2ques et d&rsquo;\u00e9t\u00e9.<a class=\"more-link\" href=\"https:\/\/versoixfootballcamp.ch\/\">Read More &rarr;<\/a><\/p>\n","protected":false},"author":1,"featured_media":0,"parent":0,"menu_order":0,"comment_status":"closed","ping_status":"open","template":"page-templates\/template-widgetized.php","meta":{"_coblocks_attr":"","_coblocks_dimensions":"","_coblocks_responsive_height":"","_coblocks_accordion_ie_support":"","om_disable_all_campaigns":false,"_monsterinsights_skip_tracking":false,"_monsterinsights_sitenote_active":false,"_monsterinsights_sitenote_note":"","_monsterinsights_sitenote_category":0,"footnotes":""},"class_list":["entry","page","publish","author-fcversoix2020","post-2"],"aioseo_notices":[],"yoast_head":"<!-- This site is optimized with the Yoast SEO plugin v27.5 - https:\/\/yoast.com\/product\/yoast-seo-wordpress\/ -->\n<title>Camps de Football du FC Versoix - Versoix Football Camp<\/title>\n<meta name=\"robots\" content=\"index, follow, max-snippet:-1, max-image-preview:large, max-video-preview:-1\" \/>\n<link rel=\"canonical\" href=\"https:\/\/versoixfootballcamp.ch\/\" \/>\n<meta property=\"og:locale\" content=\"fr_FR\" \/>\n<meta property=\"og:type\" content=\"article\" \/>\n<meta property=\"og:title\" content=\"Camps de Football du FC Versoix - Versoix Football Camp\" \/>\n<meta property=\"og:description\" content=\"Camps de perfectionnement de football et de loisirs du FC Versoix anim\u00e9 par les cadres sportifs du club. Rejoignez-nous nombreux pour les camps qui se d\u00e9rouleront durant les vacances de P\u00e2ques et d&rsquo;\u00e9t\u00e9.Read More &rarr;\" \/>\n<meta property=\"og:url\" content=\"https:\/\/versoixfootballcamp.ch\/\" \/>\n<meta property=\"og:site_name\" content=\"Versoix Football Camp\" \/>\n<meta property=\"article:publisher\" content=\"https:\/\/www.facebook.com\/FCVersoixOfficiel\/\" \/>\n<meta property=\"article:modified_time\" content=\"2026-02-10T21:09:18+00:00\" \/>\n<meta name=\"twitter:card\" content=\"summary_large_image\" \/>\n<meta name=\"twitter:label1\" content=\"Dur\u00e9e de lecture estim\u00e9e\" \/>\n\t<meta name=\"twitter:data1\" content=\"1 minute\" \/>\n<script type=\"application\/ld+json\" class=\"yoast-schema-graph\">{\"@context\":\"https:\\\/\\\/schema.org\",\"@graph\":[{\"@type\":\"WebPage\",\"@id\":\"https:\\\/\\\/versoixfootballcamp.ch\\\/\",\"url\":\"https:\\\/\\\/versoixfootballcamp.ch\\\/\",\"name\":\"Camps de Football du FC Versoix - Versoix Football Camp\",\"isPartOf\":{\"@id\":\"https:\\\/\\\/versoixfootballcamp.ch\\\/#website\"},\"datePublished\":\"2020-06-14T07:12:47+00:00\",\"dateModified\":\"2026-02-10T21:09:18+00:00\",\"breadcrumb\":{\"@id\":\"https:\\\/\\\/versoixfootballcamp.ch\\\/#breadcrumb\"},\"inLanguage\":\"fr-FR\",\"potentialAction\":[{\"@type\":\"ReadAction\",\"target\":[\"https:\\\/\\\/versoixfootballcamp.ch\\\/\"]}]},{\"@type\":\"BreadcrumbList\",\"@id\":\"https:\\\/\\\/versoixfootballcamp.ch\\\/#breadcrumb\",\"itemListElement\":[{\"@type\":\"ListItem\",\"position\":1,\"name\":\"Accueil\",\"item\":\"https:\\\/\\\/versoixfootballcamp.ch\\\/\"},{\"@type\":\"ListItem\",\"position\":2,\"name\":\"Camps de Football du FC Versoix\"}]},{\"@type\":\"WebSite\",\"@id\":\"https:\\\/\\\/versoixfootballcamp.ch\\\/#website\",\"url\":\"https:\\\/\\\/versoixfootballcamp.ch\\\/\",\"name\":\"Versoix Football Camp\",\"description\":\"Des camps de perfectionnement de football pour les jeunes\",\"publisher\":{\"@id\":\"https:\\\/\\\/versoixfootballcamp.ch\\\/#organization\"},\"potentialAction\":[{\"@type\":\"SearchAction\",\"target\":{\"@type\":\"EntryPoint\",\"urlTemplate\":\"https:\\\/\\\/versoixfootballcamp.ch\\\/?s={search_term_string}\"},\"query-input\":{\"@type\":\"PropertyValueSpecification\",\"valueRequired\":true,\"valueName\":\"search_term_string\"}}],\"inLanguage\":\"fr-FR\"},{\"@type\":\"Organization\",\"@id\":\"https:\\\/\\\/versoixfootballcamp.ch\\\/#organization\",\"name\":\"FC Versoix\",\"url\":\"https:\\\/\\\/versoixfootballcamp.ch\\\/\",\"logo\":{\"@type\":\"ImageObject\",\"inLanguage\":\"fr-FR\",\"@id\":\"https:\\\/\\\/versoixfootballcamp.ch\\\/#\\\/schema\\\/logo\\\/image\\\/\",\"url\":\"https:\\\/\\\/secureservercdn.net\\\/160.153.137.99\\\/f89.32d.myftpupload.com\\\/wp-content\\\/uploads\\\/2020\\\/06\\\/FCV_logo_ssfond.png?time=1619553065\",\"contentUrl\":\"https:\\\/\\\/secureservercdn.net\\\/160.153.137.99\\\/f89.32d.myftpupload.com\\\/wp-content\\\/uploads\\\/2020\\\/06\\\/FCV_logo_ssfond.png?time=1619553065\",\"width\":425,\"height\":425,\"caption\":\"FC Versoix\"},\"image\":{\"@id\":\"https:\\\/\\\/versoixfootballcamp.ch\\\/#\\\/schema\\\/logo\\\/image\\\/\"},\"sameAs\":[\"https:\\\/\\\/www.facebook.com\\\/FCVersoixOfficiel\\\/\"]}]}<\/script>\n<!-- \/ Yoast SEO plugin. -->","yoast_head_json":{"title":"Camps de Football du FC Versoix - Versoix Football Camp","robots":{"index":"index","follow":"follow","max-snippet":"max-snippet:-1","max-image-preview":"max-image-preview:large","max-video-preview":"max-video-preview:-1"},"canonical":"https:\/\/versoixfootballcamp.ch\/","og_locale":"fr_FR","og_type":"article","og_title":"Camps de Football du FC Versoix - Versoix Football Camp","og_description":"Camps de perfectionnement de football et de loisirs du FC Versoix anim\u00e9 par les cadres sportifs du club. Rejoignez-nous nombreux pour les camps qui se d\u00e9rouleront durant les vacances de P\u00e2ques et d&rsquo;\u00e9t\u00e9.Read More &rarr;","og_url":"https:\/\/versoixfootballcamp.ch\/","og_site_name":"Versoix Football Camp","article_publisher":"https:\/\/www.facebook.com\/FCVersoixOfficiel\/","article_modified_time":"2026-02-10T21:09:18+00:00","twitter_card":"summary_large_image","twitter_misc":{"Dur\u00e9e de lecture estim\u00e9e":"1 minute"},"schema":{"@context":"https:\/\/schema.org","@graph":[{"@type":"WebPage","@id":"https:\/\/versoixfootballcamp.ch\/","url":"https:\/\/versoixfootballcamp.ch\/","name":"Camps de Football du FC Versoix - Versoix Football Camp","isPartOf":{"@id":"https:\/\/versoixfootballcamp.ch\/#website"},"datePublished":"2020-06-14T07:12:47+00:00","dateModified":"2026-02-10T21:09:18+00:00","breadcrumb":{"@id":"https:\/\/versoixfootballcamp.ch\/#breadcrumb"},"inLanguage":"fr-FR","potentialAction":[{"@type":"ReadAction","target":["https:\/\/versoixfootballcamp.ch\/"]}]},{"@type":"BreadcrumbList","@id":"https:\/\/versoixfootballcamp.ch\/#breadcrumb","itemListElement":[{"@type":"ListItem","position":1,"name":"Accueil","item":"https:\/\/versoixfootballcamp.ch\/"},{"@type":"ListItem","position":2,"name":"Camps de Football du FC Versoix"}]},{"@type":"WebSite","@id":"https:\/\/versoixfootballcamp.ch\/#website","url":"https:\/\/versoixfootballcamp.ch\/","name":"Versoix Football Camp","description":"Des camps de perfectionnement de football pour les jeunes","publisher":{"@id":"https:\/\/versoixfootballcamp.ch\/#organization"},"potentialAction":[{"@type":"SearchAction","target":{"@type":"EntryPoint","urlTemplate":"https:\/\/versoixfootballcamp.ch\/?s={search_term_string}"},"query-input":{"@type":"PropertyValueSpecification","valueRequired":true,"valueName":"search_term_string"}}],"inLanguage":"fr-FR"},{"@type":"Organization","@id":"https:\/\/versoixfootballcamp.ch\/#organization","name":"FC Versoix","url":"https:\/\/versoixfootballcamp.ch\/","logo":{"@type":"ImageObject","inLanguage":"fr-FR","@id":"https:\/\/versoixfootballcamp.ch\/#\/schema\/logo\/image\/","url":"https:\/\/secureservercdn.net\/160.153.137.99\/f89.32d.myftpupload.com\/wp-content\/uploads\/2020\/06\/FCV_logo_ssfond.png?time=1619553065","contentUrl":"https:\/\/secureservercdn.net\/160.153.137.99\/f89.32d.myftpupload.com\/wp-content\/uploads\/2020\/06\/FCV_logo_ssfond.png?time=1619553065","width":425,"height":425,"caption":"FC Versoix"},"image":{"@id":"https:\/\/versoixfootballcamp.ch\/#\/schema\/logo\/image\/"},"sameAs":["https:\/\/www.facebook.com\/FCVersoixOfficiel\/"]}]}},"_links":{"self":[{"href":"https:\/\/versoixfootballcamp.ch\/index.php?rest_route=\/wp\/v2\/pages\/2","targetHints":{"allow":["GET"]}}],"collection":[{"href":"https:\/\/versoixfootballcamp.ch\/index.php?rest_route=\/wp\/v2\/pages"}],"about":[{"href":"https:\/\/versoixfootballcamp.ch\/index.php?rest_route=\/wp\/v2\/types\/page"}],"author":[{"embeddable":true,"href":"https:\/\/versoixfootballcamp.ch\/index.php?rest_route=\/wp\/v2\/users\/1"}],"replies":[{"embeddable":true,"href":"https:\/\/versoixfootballcamp.ch\/index.php?rest_route=%2Fwp%2Fv2%2Fcomments&post=2"}],"version-history":[{"count":14,"href":"https:\/\/versoixfootballcamp.ch\/index.php?rest_route=\/wp\/v2\/pages\/2\/revisions"}],"predecessor-version":[{"id":425,"href":"https:\/\/versoixfootballcamp.ch\/index.php?rest_route=\/wp\/v2\/pages\/2\/revisions\/425"}],"wp:attachment":[{"href":"https:\/\/versoixfootballcamp.ch\/index.php?rest_route=%2Fwp%2Fv2%2Fmedia&parent=2"}],"curies":[{"name":"wp","href":"https:\/\/api.w.org\/{rel}","templated":true}]}}