{"id":41,"date":"2020-06-14T21:50:06","date_gmt":"2020-06-14T21:50:06","guid":{"rendered":"https:\/\/versoixfootballcamp.ch\/?page_id=41"},"modified":"2022-07-20T11:50:45","modified_gmt":"2022-07-20T11:50:45","slug":"concept","status":"publish","type":"page","link":"https:\/\/versoixfootballcamp.ch\/?page_id=41","title":{"rendered":""},"content":{"rendered":"<h1 style=\"text-align: center;\">LE CONCEPT<\/h1>\n<h2>Au sein de la commune de Versoix, dans une ambiance conviviale, les filles et les gar\u00e7ons pratiquent leur sport de pr\u00e9dilection sous la supervision de formateurs exp\u00e9riment\u00e9s et certifi\u00e9s.<br \/>\nLes repas du midi sont inclus ainsi qu&rsquo;un maillot.<\/h2>\n","protected":false},"excerpt":{"rendered":"<p>LE CONCEPT Au sein de la commune de Versoix, dans une ambiance conviviale, les filles et les gar\u00e7ons pratiquent leur sport de pr\u00e9dilection sous la supervision de formateurs exp\u00e9riment\u00e9s et certifi\u00e9s. Les repas du midi sont inclus ainsi qu&rsquo;un maillot.<a class=\"more-link\" href=\"https:\/\/versoixfootballcamp.ch\/?page_id=41\">Read More &rarr;<\/a><\/p>\n","protected":false},"author":1,"featured_media":0,"parent":0,"menu_order":0,"comment_status":"closed","ping_status":"closed","template":"","meta":{"_coblocks_attr":"","_coblocks_dimensions":"","_coblocks_responsive_height":"","_coblocks_accordion_ie_support":"","om_disable_all_campaigns":false,"_monsterinsights_skip_tracking":false,"_monsterinsights_sitenote_active":false,"_monsterinsights_sitenote_note":"","_monsterinsights_sitenote_category":0,"footnotes":""},"class_list":["entry","page","publish","author-fcversoix2020","post-41"],"aioseo_notices":[],"yoast_head":"<!-- This site is optimized with the Yoast SEO plugin v27.4 - https:\/\/yoast.com\/product\/yoast-seo-wordpress\/ -->\n<title>- Versoix Football Camp<\/title>\n<meta name=\"robots\" content=\"index, follow, max-snippet:-1, max-image-preview:large, max-video-preview:-1\" \/>\n<link rel=\"canonical\" href=\"https:\/\/versoixfootballcamp.ch\/?page_id=41\" \/>\n<meta property=\"og:locale\" content=\"fr_FR\" \/>\n<meta property=\"og:type\" content=\"article\" \/>\n<meta property=\"og:title\" content=\"- Versoix Football Camp\" \/>\n<meta property=\"og:description\" content=\"LE CONCEPT Au sein de la commune de Versoix, dans une ambiance conviviale, les filles et les gar\u00e7ons pratiquent leur sport de pr\u00e9dilection sous la supervision de formateurs exp\u00e9riment\u00e9s et certifi\u00e9s. Les repas du midi sont inclus ainsi qu&rsquo;un maillot.Read More &rarr;\" \/>\n<meta property=\"og:url\" content=\"https:\/\/versoixfootballcamp.ch\/?page_id=41\" \/>\n<meta property=\"og:site_name\" content=\"Versoix Football Camp\" \/>\n<meta property=\"article:publisher\" content=\"https:\/\/www.facebook.com\/FCVersoixOfficiel\/\" \/>\n<meta property=\"article:modified_time\" content=\"2022-07-20T11:50:45+00:00\" \/>\n<meta name=\"twitter:card\" content=\"summary_large_image\" \/>\n<meta name=\"twitter:label1\" content=\"Dur\u00e9e de lecture estim\u00e9e\" \/>\n\t<meta name=\"twitter:data1\" content=\"1 minute\" \/>\n<script type=\"application\/ld+json\" class=\"yoast-schema-graph\">{\"@context\":\"https:\\\/\\\/schema.org\",\"@graph\":[{\"@type\":\"WebPage\",\"@id\":\"https:\\\/\\\/versoixfootballcamp.ch\\\/?page_id=41\",\"url\":\"https:\\\/\\\/versoixfootballcamp.ch\\\/?page_id=41\",\"name\":\"- Versoix Football Camp\",\"isPartOf\":{\"@id\":\"https:\\\/\\\/versoixfootballcamp.ch\\\/#website\"},\"datePublished\":\"2020-06-14T21:50:06+00:00\",\"dateModified\":\"2022-07-20T11:50:45+00:00\",\"inLanguage\":\"fr-FR\",\"potentialAction\":[{\"@type\":\"ReadAction\",\"target\":[\"https:\\\/\\\/versoixfootballcamp.ch\\\/?page_id=41\"]}]},{\"@type\":\"WebSite\",\"@id\":\"https:\\\/\\\/versoixfootballcamp.ch\\\/#website\",\"url\":\"https:\\\/\\\/versoixfootballcamp.ch\\\/\",\"name\":\"Versoix Football Camp\",\"description\":\"Des camps de perfectionnement de football pour les jeunes\",\"publisher\":{\"@id\":\"https:\\\/\\\/versoixfootballcamp.ch\\\/#organization\"},\"potentialAction\":[{\"@type\":\"SearchAction\",\"target\":{\"@type\":\"EntryPoint\",\"urlTemplate\":\"https:\\\/\\\/versoixfootballcamp.ch\\\/?s={search_term_string}\"},\"query-input\":{\"@type\":\"PropertyValueSpecification\",\"valueRequired\":true,\"valueName\":\"search_term_string\"}}],\"inLanguage\":\"fr-FR\"},{\"@type\":\"Organization\",\"@id\":\"https:\\\/\\\/versoixfootballcamp.ch\\\/#organization\",\"name\":\"FC Versoix\",\"url\":\"https:\\\/\\\/versoixfootballcamp.ch\\\/\",\"logo\":{\"@type\":\"ImageObject\",\"inLanguage\":\"fr-FR\",\"@id\":\"https:\\\/\\\/versoixfootballcamp.ch\\\/#\\\/schema\\\/logo\\\/image\\\/\",\"url\":\"https:\\\/\\\/secureservercdn.net\\\/160.153.137.99\\\/f89.32d.myftpupload.com\\\/wp-content\\\/uploads\\\/2020\\\/06\\\/FCV_logo_ssfond.png?time=1619553065\",\"contentUrl\":\"https:\\\/\\\/secureservercdn.net\\\/160.153.137.99\\\/f89.32d.myftpupload.com\\\/wp-content\\\/uploads\\\/2020\\\/06\\\/FCV_logo_ssfond.png?time=1619553065\",\"width\":425,\"height\":425,\"caption\":\"FC Versoix\"},\"image\":{\"@id\":\"https:\\\/\\\/versoixfootballcamp.ch\\\/#\\\/schema\\\/logo\\\/image\\\/\"},\"sameAs\":[\"https:\\\/\\\/www.facebook.com\\\/FCVersoixOfficiel\\\/\"]}]}<\/script>\n<!-- \/ Yoast SEO plugin. -->","yoast_head_json":{"title":"- Versoix Football Camp","robots":{"index":"index","follow":"follow","max-snippet":"max-snippet:-1","max-image-preview":"max-image-preview:large","max-video-preview":"max-video-preview:-1"},"canonical":"https:\/\/versoixfootballcamp.ch\/?page_id=41","og_locale":"fr_FR","og_type":"article","og_title":"- Versoix Football Camp","og_description":"LE CONCEPT Au sein de la commune de Versoix, dans une ambiance conviviale, les filles et les gar\u00e7ons pratiquent leur sport de pr\u00e9dilection sous la supervision de formateurs exp\u00e9riment\u00e9s et certifi\u00e9s. Les repas du midi sont inclus ainsi qu&rsquo;un maillot.Read More &rarr;","og_url":"https:\/\/versoixfootballcamp.ch\/?page_id=41","og_site_name":"Versoix Football Camp","article_publisher":"https:\/\/www.facebook.com\/FCVersoixOfficiel\/","article_modified_time":"2022-07-20T11:50:45+00:00","twitter_card":"summary_large_image","twitter_misc":{"Dur\u00e9e de lecture estim\u00e9e":"1 minute"},"schema":{"@context":"https:\/\/schema.org","@graph":[{"@type":"WebPage","@id":"https:\/\/versoixfootballcamp.ch\/?page_id=41","url":"https:\/\/versoixfootballcamp.ch\/?page_id=41","name":"- Versoix Football Camp","isPartOf":{"@id":"https:\/\/versoixfootballcamp.ch\/#website"},"datePublished":"2020-06-14T21:50:06+00:00","dateModified":"2022-07-20T11:50:45+00:00","inLanguage":"fr-FR","potentialAction":[{"@type":"ReadAction","target":["https:\/\/versoixfootballcamp.ch\/?page_id=41"]}]},{"@type":"WebSite","@id":"https:\/\/versoixfootballcamp.ch\/#website","url":"https:\/\/versoixfootballcamp.ch\/","name":"Versoix Football Camp","description":"Des camps de perfectionnement de football pour les jeunes","publisher":{"@id":"https:\/\/versoixfootballcamp.ch\/#organization"},"potentialAction":[{"@type":"SearchAction","target":{"@type":"EntryPoint","urlTemplate":"https:\/\/versoixfootballcamp.ch\/?s={search_term_string}"},"query-input":{"@type":"PropertyValueSpecification","valueRequired":true,"valueName":"search_term_string"}}],"inLanguage":"fr-FR"},{"@type":"Organization","@id":"https:\/\/versoixfootballcamp.ch\/#organization","name":"FC Versoix","url":"https:\/\/versoixfootballcamp.ch\/","logo":{"@type":"ImageObject","inLanguage":"fr-FR","@id":"https:\/\/versoixfootballcamp.ch\/#\/schema\/logo\/image\/","url":"https:\/\/secureservercdn.net\/160.153.137.99\/f89.32d.myftpupload.com\/wp-content\/uploads\/2020\/06\/FCV_logo_ssfond.png?time=1619553065","contentUrl":"https:\/\/secureservercdn.net\/160.153.137.99\/f89.32d.myftpupload.com\/wp-content\/uploads\/2020\/06\/FCV_logo_ssfond.png?time=1619553065","width":425,"height":425,"caption":"FC Versoix"},"image":{"@id":"https:\/\/versoixfootballcamp.ch\/#\/schema\/logo\/image\/"},"sameAs":["https:\/\/www.facebook.com\/FCVersoixOfficiel\/"]}]}},"_links":{"self":[{"href":"https:\/\/versoixfootballcamp.ch\/index.php?rest_route=\/wp\/v2\/pages\/41","targetHints":{"allow":["GET"]}}],"collection":[{"href":"https:\/\/versoixfootballcamp.ch\/index.php?rest_route=\/wp\/v2\/pages"}],"about":[{"href":"https:\/\/versoixfootballcamp.ch\/index.php?rest_route=\/wp\/v2\/types\/page"}],"author":[{"embeddable":true,"href":"https:\/\/versoixfootballcamp.ch\/index.php?rest_route=\/wp\/v2\/users\/1"}],"replies":[{"embeddable":true,"href":"https:\/\/versoixfootballcamp.ch\/index.php?rest_route=%2Fwp%2Fv2%2Fcomments&post=41"}],"version-history":[{"count":5,"href":"https:\/\/versoixfootballcamp.ch\/index.php?rest_route=\/wp\/v2\/pages\/41\/revisions"}],"predecessor-version":[{"id":366,"href":"https:\/\/versoixfootballcamp.ch\/index.php?rest_route=\/wp\/v2\/pages\/41\/revisions\/366"}],"wp:attachment":[{"href":"https:\/\/versoixfootballcamp.ch\/index.php?rest_route=%2Fwp%2Fv2%2Fmedia&parent=41"}],"curies":[{"name":"wp","href":"https:\/\/api.w.org\/{rel}","templated":true}]}}