{"id":67,"date":"2020-06-14T23:05:11","date_gmt":"2020-06-14T23:05:11","guid":{"rendered":"https:\/\/versoixfootballcamp.ch\/?page_id=67"},"modified":"2022-07-20T11:54:31","modified_gmt":"2022-07-20T11:54:31","slug":"programme","status":"publish","type":"page","link":"https:\/\/versoixfootballcamp.ch\/?page_id=67","title":{"rendered":""},"content":{"rendered":"<h1 style=\"text-align: left;\">LE PROGRAMME DE LA SEMAINE*<\/h1>\n<h3 style=\"text-align: left;\">D\u00e9roulement d&rsquo;une journ\u00e9e type:<\/h3>\n<h4 style=\"text-align: left;\"><strong>08h30-09h00<\/strong> : Accueil des participants<\/h4>\n<h4 style=\"text-align: left;\"><strong>09h30-10h30<\/strong> : Explications du d\u00e9roulement des camps (uniquement le premier jour)<\/h4>\n<h4 style=\"text-align: left;\"><strong>10h30-11h00<\/strong> : Pause \/ Go\u00fbter<\/h4>\n<h4 style=\"text-align: left;\"><strong>11h00-12h30<\/strong> : Entrainement<\/h4>\n<h4 style=\"text-align: left;\"><strong>12h30-14h30<\/strong> : Lunch et pause<\/h4>\n<h4 style=\"text-align: left;\"><strong>14h30-16h15<\/strong> : Entrainement<\/h4>\n<h4 style=\"text-align: left;\"><strong>16h15<\/strong> : Go\u00fbter<\/h4>\n<h4 style=\"text-align: left;\"><strong>16h30 <\/strong>: Accueil des parents<\/h4>\n<h6 style=\"text-align: left;\">*: En cas de mauvais temps, le camp a lieu. Les participants auront la possibilit\u00e9 de pratiquer d&rsquo;autres activit\u00e9s.<\/h6>\n<h1 style=\"text-align: left;\">L&rsquo;ENCADREMENT<\/h1>\n<h5 style=\"text-align: left;\">Les jeunes sont encadr\u00e9s en permanence par des moniteurs exp\u00e9riment\u00e9s et certifi\u00e9s (1 adulte pour 10 enfants).<\/h5>\n<h5 style=\"text-align: left;\">Toutes les activit\u00e9s se font sous la supervision de :<\/h5>\n<ul>\n<li style=\"text-align: left;\">\n<h6>Nuno Rodrigues (FC Versoix)<\/h6>\n<\/li>\n<\/ul>\n","protected":false},"excerpt":{"rendered":"<p>LE PROGRAMME DE LA SEMAINE* D\u00e9roulement d&rsquo;une journ\u00e9e type: 08h30-09h00 : Accueil des participants 09h30-10h30 : Explications du d\u00e9roulement des camps (uniquement le premier jour) 10h30-11h00 : Pause \/ Go\u00fbter 11h00-12h30 : Entrainement 12h30-14h30 : Lunch et pause 14h30-16h15 : Entrainement 16h15 : Go\u00fbter 16h30 : Accueil des parents *: En cas de mauvais temps, le camp a lieu. Les participants auront la possibilit\u00e9 de pratiquer d&rsquo;autres activit\u00e9s. L&rsquo;ENCADREMENT Les jeunes sont encadr\u00e9s en permanence par des moniteurs exp\u00e9riment\u00e9s et certifi\u00e9s (1 adulte pour 10 enfants). Toutes les activit\u00e9s se font sous la supervision de : Nuno Rodrigues (FC Versoix)<a class=\"more-link\" href=\"https:\/\/versoixfootballcamp.ch\/?page_id=67\">Read More &rarr;<\/a><\/p>\n","protected":false},"author":1,"featured_media":0,"parent":0,"menu_order":0,"comment_status":"closed","ping_status":"closed","template":"","meta":{"_coblocks_attr":"","_coblocks_dimensions":"","_coblocks_responsive_height":"","_coblocks_accordion_ie_support":"","om_disable_all_campaigns":false,"_monsterinsights_skip_tracking":false,"_monsterinsights_sitenote_active":false,"_monsterinsights_sitenote_note":"","_monsterinsights_sitenote_category":0,"footnotes":""},"class_list":["entry","page","publish","author-fcversoix2020","post-67"],"aioseo_notices":[],"yoast_head":"<!-- This site is optimized with the Yoast SEO plugin v27.4 - https:\/\/yoast.com\/product\/yoast-seo-wordpress\/ -->\n<title>- Versoix Football Camp<\/title>\n<meta name=\"robots\" content=\"index, follow, max-snippet:-1, max-image-preview:large, max-video-preview:-1\" \/>\n<link rel=\"canonical\" href=\"https:\/\/versoixfootballcamp.ch\/?page_id=67\" \/>\n<meta property=\"og:locale\" content=\"fr_FR\" \/>\n<meta property=\"og:type\" content=\"article\" \/>\n<meta property=\"og:title\" content=\"- Versoix Football Camp\" \/>\n<meta property=\"og:description\" content=\"LE PROGRAMME DE LA SEMAINE* D\u00e9roulement d&rsquo;une journ\u00e9e type: 08h30-09h00 : Accueil des participants 09h30-10h30 : Explications du d\u00e9roulement des camps (uniquement le premier jour) 10h30-11h00 : Pause \/ Go\u00fbter 11h00-12h30 : Entrainement 12h30-14h30 : Lunch et pause 14h30-16h15 : Entrainement 16h15 : Go\u00fbter 16h30 : Accueil des parents *: En cas de mauvais temps, le camp a lieu. Les participants auront la possibilit\u00e9 de pratiquer d&rsquo;autres activit\u00e9s. L&rsquo;ENCADREMENT Les jeunes sont encadr\u00e9s en permanence par des moniteurs exp\u00e9riment\u00e9s et certifi\u00e9s (1 adulte pour 10 enfants). Toutes les activit\u00e9s se font sous la supervision de : Nuno Rodrigues (FC Versoix)Read More &rarr;\" \/>\n<meta property=\"og:url\" content=\"https:\/\/versoixfootballcamp.ch\/?page_id=67\" \/>\n<meta property=\"og:site_name\" content=\"Versoix Football Camp\" \/>\n<meta property=\"article:publisher\" content=\"https:\/\/www.facebook.com\/FCVersoixOfficiel\/\" \/>\n<meta property=\"article:modified_time\" content=\"2022-07-20T11:54:31+00:00\" \/>\n<meta name=\"twitter:card\" content=\"summary_large_image\" \/>\n<meta name=\"twitter:label1\" content=\"Dur\u00e9e de lecture estim\u00e9e\" \/>\n\t<meta name=\"twitter:data1\" content=\"1 minute\" \/>\n<script type=\"application\/ld+json\" class=\"yoast-schema-graph\">{\"@context\":\"https:\\\/\\\/schema.org\",\"@graph\":[{\"@type\":\"WebPage\",\"@id\":\"https:\\\/\\\/versoixfootballcamp.ch\\\/?page_id=67\",\"url\":\"https:\\\/\\\/versoixfootballcamp.ch\\\/?page_id=67\",\"name\":\"- Versoix Football Camp\",\"isPartOf\":{\"@id\":\"https:\\\/\\\/versoixfootballcamp.ch\\\/#website\"},\"datePublished\":\"2020-06-14T23:05:11+00:00\",\"dateModified\":\"2022-07-20T11:54:31+00:00\",\"inLanguage\":\"fr-FR\",\"potentialAction\":[{\"@type\":\"ReadAction\",\"target\":[\"https:\\\/\\\/versoixfootballcamp.ch\\\/?page_id=67\"]}]},{\"@type\":\"WebSite\",\"@id\":\"https:\\\/\\\/versoixfootballcamp.ch\\\/#website\",\"url\":\"https:\\\/\\\/versoixfootballcamp.ch\\\/\",\"name\":\"Versoix Football Camp\",\"description\":\"Des camps de perfectionnement de football pour les jeunes\",\"publisher\":{\"@id\":\"https:\\\/\\\/versoixfootballcamp.ch\\\/#organization\"},\"potentialAction\":[{\"@type\":\"SearchAction\",\"target\":{\"@type\":\"EntryPoint\",\"urlTemplate\":\"https:\\\/\\\/versoixfootballcamp.ch\\\/?s={search_term_string}\"},\"query-input\":{\"@type\":\"PropertyValueSpecification\",\"valueRequired\":true,\"valueName\":\"search_term_string\"}}],\"inLanguage\":\"fr-FR\"},{\"@type\":\"Organization\",\"@id\":\"https:\\\/\\\/versoixfootballcamp.ch\\\/#organization\",\"name\":\"FC Versoix\",\"url\":\"https:\\\/\\\/versoixfootballcamp.ch\\\/\",\"logo\":{\"@type\":\"ImageObject\",\"inLanguage\":\"fr-FR\",\"@id\":\"https:\\\/\\\/versoixfootballcamp.ch\\\/#\\\/schema\\\/logo\\\/image\\\/\",\"url\":\"https:\\\/\\\/secureservercdn.net\\\/160.153.137.99\\\/f89.32d.myftpupload.com\\\/wp-content\\\/uploads\\\/2020\\\/06\\\/FCV_logo_ssfond.png?time=1619553065\",\"contentUrl\":\"https:\\\/\\\/secureservercdn.net\\\/160.153.137.99\\\/f89.32d.myftpupload.com\\\/wp-content\\\/uploads\\\/2020\\\/06\\\/FCV_logo_ssfond.png?time=1619553065\",\"width\":425,\"height\":425,\"caption\":\"FC Versoix\"},\"image\":{\"@id\":\"https:\\\/\\\/versoixfootballcamp.ch\\\/#\\\/schema\\\/logo\\\/image\\\/\"},\"sameAs\":[\"https:\\\/\\\/www.facebook.com\\\/FCVersoixOfficiel\\\/\"]}]}<\/script>\n<!-- \/ Yoast SEO plugin. -->","yoast_head_json":{"title":"- Versoix Football Camp","robots":{"index":"index","follow":"follow","max-snippet":"max-snippet:-1","max-image-preview":"max-image-preview:large","max-video-preview":"max-video-preview:-1"},"canonical":"https:\/\/versoixfootballcamp.ch\/?page_id=67","og_locale":"fr_FR","og_type":"article","og_title":"- Versoix Football Camp","og_description":"LE PROGRAMME DE LA SEMAINE* D\u00e9roulement d&rsquo;une journ\u00e9e type: 08h30-09h00 : Accueil des participants 09h30-10h30 : Explications du d\u00e9roulement des camps (uniquement le premier jour) 10h30-11h00 : Pause \/ Go\u00fbter 11h00-12h30 : Entrainement 12h30-14h30 : Lunch et pause 14h30-16h15 : Entrainement 16h15 : Go\u00fbter 16h30 : Accueil des parents *: En cas de mauvais temps, le camp a lieu. Les participants auront la possibilit\u00e9 de pratiquer d&rsquo;autres activit\u00e9s. L&rsquo;ENCADREMENT Les jeunes sont encadr\u00e9s en permanence par des moniteurs exp\u00e9riment\u00e9s et certifi\u00e9s (1 adulte pour 10 enfants). Toutes les activit\u00e9s se font sous la supervision de : Nuno Rodrigues (FC Versoix)Read More &rarr;","og_url":"https:\/\/versoixfootballcamp.ch\/?page_id=67","og_site_name":"Versoix Football Camp","article_publisher":"https:\/\/www.facebook.com\/FCVersoixOfficiel\/","article_modified_time":"2022-07-20T11:54:31+00:00","twitter_card":"summary_large_image","twitter_misc":{"Dur\u00e9e de lecture estim\u00e9e":"1 minute"},"schema":{"@context":"https:\/\/schema.org","@graph":[{"@type":"WebPage","@id":"https:\/\/versoixfootballcamp.ch\/?page_id=67","url":"https:\/\/versoixfootballcamp.ch\/?page_id=67","name":"- Versoix Football Camp","isPartOf":{"@id":"https:\/\/versoixfootballcamp.ch\/#website"},"datePublished":"2020-06-14T23:05:11+00:00","dateModified":"2022-07-20T11:54:31+00:00","inLanguage":"fr-FR","potentialAction":[{"@type":"ReadAction","target":["https:\/\/versoixfootballcamp.ch\/?page_id=67"]}]},{"@type":"WebSite","@id":"https:\/\/versoixfootballcamp.ch\/#website","url":"https:\/\/versoixfootballcamp.ch\/","name":"Versoix Football Camp","description":"Des camps de perfectionnement de football pour les jeunes","publisher":{"@id":"https:\/\/versoixfootballcamp.ch\/#organization"},"potentialAction":[{"@type":"SearchAction","target":{"@type":"EntryPoint","urlTemplate":"https:\/\/versoixfootballcamp.ch\/?s={search_term_string}"},"query-input":{"@type":"PropertyValueSpecification","valueRequired":true,"valueName":"search_term_string"}}],"inLanguage":"fr-FR"},{"@type":"Organization","@id":"https:\/\/versoixfootballcamp.ch\/#organization","name":"FC Versoix","url":"https:\/\/versoixfootballcamp.ch\/","logo":{"@type":"ImageObject","inLanguage":"fr-FR","@id":"https:\/\/versoixfootballcamp.ch\/#\/schema\/logo\/image\/","url":"https:\/\/secureservercdn.net\/160.153.137.99\/f89.32d.myftpupload.com\/wp-content\/uploads\/2020\/06\/FCV_logo_ssfond.png?time=1619553065","contentUrl":"https:\/\/secureservercdn.net\/160.153.137.99\/f89.32d.myftpupload.com\/wp-content\/uploads\/2020\/06\/FCV_logo_ssfond.png?time=1619553065","width":425,"height":425,"caption":"FC Versoix"},"image":{"@id":"https:\/\/versoixfootballcamp.ch\/#\/schema\/logo\/image\/"},"sameAs":["https:\/\/www.facebook.com\/FCVersoixOfficiel\/"]}]}},"_links":{"self":[{"href":"https:\/\/versoixfootballcamp.ch\/index.php?rest_route=\/wp\/v2\/pages\/67","targetHints":{"allow":["GET"]}}],"collection":[{"href":"https:\/\/versoixfootballcamp.ch\/index.php?rest_route=\/wp\/v2\/pages"}],"about":[{"href":"https:\/\/versoixfootballcamp.ch\/index.php?rest_route=\/wp\/v2\/types\/page"}],"author":[{"embeddable":true,"href":"https:\/\/versoixfootballcamp.ch\/index.php?rest_route=\/wp\/v2\/users\/1"}],"replies":[{"embeddable":true,"href":"https:\/\/versoixfootballcamp.ch\/index.php?rest_route=%2Fwp%2Fv2%2Fcomments&post=67"}],"version-history":[{"count":9,"href":"https:\/\/versoixfootballcamp.ch\/index.php?rest_route=\/wp\/v2\/pages\/67\/revisions"}],"predecessor-version":[{"id":368,"href":"https:\/\/versoixfootballcamp.ch\/index.php?rest_route=\/wp\/v2\/pages\/67\/revisions\/368"}],"wp:attachment":[{"href":"https:\/\/versoixfootballcamp.ch\/index.php?rest_route=%2Fwp%2Fv2%2Fmedia&parent=67"}],"curies":[{"name":"wp","href":"https:\/\/api.w.org\/{rel}","templated":true}]}}